{"id":718,"date":"2022-11-28T09:33:37","date_gmt":"2022-11-28T09:33:37","guid":{"rendered":"https:\/\/thehiddendrug.llorenteycuenca.com\/sobre-llyc\/"},"modified":"2022-11-30T07:29:39","modified_gmt":"2022-11-30T07:29:39","slug":"sobre-a-llyc","status":"publish","type":"page","link":"https:\/\/thehiddendrug.llorenteycuenca.com\/pt-pt\/sobre-a-llyc\/","title":{"rendered":"Sobre o projeto"},"content":{"rendered":"<p>[et_pb_section fb_built=&#8221;1&#8243; admin_label=&#8221;Secci\u00f3n &#8211; Sobre LLYC&#8221; _builder_version=&#8221;4.19.0&#8243; _module_preset=&#8221;default&#8221; background_color=&#8221;RGBA(255,255,255,0)&#8221; background_enable_image=&#8221;off&#8221; custom_margin=&#8221;30px||||false|false&#8221; custom_css_main_element=&#8221;background-blend-mode: hard-light;&#8221; locked=&#8221;off&#8221; collapsed=&#8221;off&#8221; global_colors_info=&#8221;{}&#8221;][et_pb_row disabled_on=&#8221;off|off|off&#8221; _builder_version=&#8221;4.19.0&#8243; _module_preset=&#8221;default&#8221; background_color=&#8221;RGBA(255,255,255,0)&#8221; width_tablet=&#8221;80%&#8221; width_phone=&#8221;80%&#8221; width_last_edited=&#8221;on|tablet&#8221; module_alignment=&#8221;center&#8221; custom_padding=&#8221;0px|0px|0px|0px|false|false&#8221; custom_css_main_element=&#8221;align-items:center;&#8221; locked=&#8221;off&#8221; global_colors_info=&#8221;{}&#8221;][et_pb_column type=&#8221;4_4&#8243; _builder_version=&#8221;4.19.0&#8243; _module_preset=&#8221;default&#8221; global_colors_info=&#8221;{}&#8221;][et_pb_text admin_label=&#8221;T\u00edtulo&#8221; _builder_version=&#8221;4.19.0&#8243; _module_preset=&#8221;default&#8221; text_font=&#8221;Century Gothic||||||||&#8221; text_font_size=&#8221;50px&#8221; text_line_height=&#8221;21px&#8221; header_font=&#8221;augermono-black|||on|||||&#8221; header_text_align=&#8221;center&#8221; header_font_size=&#8221;38px&#8221; text_orientation=&#8221;center&#8221; width=&#8221;80%&#8221; width_tablet=&#8221;80%&#8221; width_phone=&#8221;80%&#8221; width_last_edited=&#8221;on|desktop&#8221; module_alignment=&#8221;center&#8221; custom_margin=&#8221;||0px||false|false&#8221; custom_padding=&#8221;||50px||false|false&#8221; text_font_size_tablet=&#8221;40px&#8221; text_font_size_phone=&#8221;30px&#8221; text_font_size_last_edited=&#8221;on|phone&#8221; header_text_align_tablet=&#8221;center&#8221; header_text_align_phone=&#8221;center&#8221; header_text_align_last_edited=&#8221;on|desktop&#8221; header_text_color_tablet=&#8221;&#8221; header_text_color_phone=&#8221;&#8221; header_text_color_last_edited=&#8221;on|tablet&#8221; header_font_size_tablet=&#8221;34px&#8221; header_font_size_phone=&#8221;26px&#8221; header_font_size_last_edited=&#8221;on|phone&#8221; custom_css_main_element=&#8221;margin:auto;&#8221; global_colors_info=&#8221;{}&#8221;]<\/p>\n<h1>Sobre a LLYC<\/h1>\n<p>[\/et_pb_text][et_pb_text admin_label=&#8221;Introducci\u00f3n&#8221; _builder_version=&#8221;4.19.0&#8243; _module_preset=&#8221;default&#8221; text_font=&#8221;Century Gothic||||||||&#8221; text_font_size=&#8221;17px&#8221; text_line_height=&#8221;30px&#8221; ul_font=&#8221;Century Gothic||||||||&#8221; ul_text_align=&#8221;justify&#8221; ul_font_size=&#8221;17px&#8221; header_font=&#8221;fontspring-demo-augermono-black|||on|||||&#8221; header_text_align=&#8221;center&#8221; header_text_color=&#8221;#000000&#8243; header_line_height=&#8221;30px&#8221; width=&#8221;70%&#8221; module_alignment=&#8221;center&#8221; custom_margin=&#8221;auto||auto||false|false&#8221; custom_padding=&#8221;||||false|false&#8221; text_font_size_tablet=&#8221;15px&#8221; text_font_size_phone=&#8221;15px&#8221; text_font_size_last_edited=&#8221;on|desktop&#8221; ul_font_size_tablet=&#8221;15px&#8221; ul_font_size_phone=&#8221;15px&#8221; ul_font_size_last_edited=&#8221;on|phone&#8221; custom_css_main_element=&#8221;margin:auto;&#8221; global_colors_info=&#8221;{}&#8221;]A LLYC \u00e9 uma empresa de \u00e2mbito global de consultoria de comunica\u00e7\u00e3o, marketing digital e assuntos p\u00fablicos que ajuda os seus clientes a enfrentarem os seus desafios estrat\u00e9gicos com solu\u00e7\u00f5es e recomenda\u00e7\u00f5es baseadas na criatividade, na tecnologia e na experi\u00eancia, procurando minimizar os riscos, aproveitar as oportunidades e proteger o impacto na reputa\u00e7\u00e3o. <\/p>\n<p>No atual contexto disruptivo e incerto, a LLYC contribui para que os seus clientes atinjam os seus objetivos de neg\u00f3cio a curto prazo e estabele\u00e7am uma rota, com uma vis\u00e3o de m\u00e9dio e longo prazo, que defenda as respetivas licen\u00e7as sociais para desenvolverem as suas atividades e refor\u00e7arem o seu prest\u00edgio. Prestamos servi\u00e7os de consultoria em comunica\u00e7\u00e3o empresarial, marketing, assuntos p\u00fablicos e deep digital business, abrangendo 18 especialidades interligadas, para responder aos desafios dos nossos clientes. <\/p>\n<p>A LLYC (BME:LLYC) est\u00e1 cotada no mercado bolsista alternativo espanhol, a BME Growth. Atualmente, conta com 20 escrit\u00f3rios nos seguintes pa\u00edses: Argentina, Brasil (S\u00e3o Paulo e Rio de Janeiro), Col\u00f4mbia, Chile, Equador, Espanha (Madrid e Barcelona), Estados Unidos (Miami, Nova Iorque e Washington, DC), M\u00e9xico, Panam\u00e1, Peru, Portugal e Rep\u00fablica Dominicana. Al\u00e9m disso, disponibiliza os seus servi\u00e7os atrav\u00e9s de empresas associadas nos restantes mercados da Am\u00e9rica Latina. <\/p>\n<p>Somos mais de 1100 profissionais com perfis de comunica\u00e7\u00e3o multidisciplinares e mais de 65 engenheiros. Com experi\u00eancia, criatividade, inova\u00e7\u00e3o e tecnologia, ajudamos empresas e institui\u00e7\u00f5es a enfrentarem com sucesso os seus desafios de comunica\u00e7\u00e3o, marketing e influ\u00eancia institucional. <\/p>\n<p>As duas principais publica\u00e7\u00f5es do setor posicionam a LLYC entre as empresas de comunica\u00e7\u00e3o mais importantes do mundo. Est\u00e1 em 36.\u00ba lugar em termos de receitas a n\u00edvel mundial, segundo o Global Agency Business Report 2022 da PRWeek, e ocupa a 42.\u00aa posi\u00e7\u00e3o no Ranking Global 2022 elaborado pela PRovoke. A LLYC foi escolhida como a Melhor Consultora de Comunica\u00e7\u00e3o da Europa 2022 nos PRWeek Global Awards, e a Consultora de Comunica\u00e7\u00e3o do Ano na Am\u00e9rica Latina nos International Business Awards 2021. <\/p>\n<p>A nossa trajet\u00f3ria e a qualidade do trabalho que realizamos para os nossos clientes refletem-se nos mais de 500 pr\u00e9mios e reconhecimentos internacionais e nacionais em concursos como os seguintes: Cannes Lions, Pr\u00e9mios Efic\u00e1cia, Brand Film Festival, SABRE Awards, International Business Awards, IPRA Golden Awards ou os Effie Awards, entre outros.[\/et_pb_text][\/et_pb_column][\/et_pb_row][\/et_pb_section][et_pb_section fb_built=&#8221;1&#8243; admin_label=&#8221;Secci\u00f3n &#8211; Sobre m\u00e1s democracia&#8221; _builder_version=&#8221;4.19.0&#8243; _module_preset=&#8221;default&#8221; background_color=&#8221;RGBA(255,255,255,0)&#8221; background_enable_image=&#8221;off&#8221; background_position=&#8221;bottom_center&#8221; locked=&#8221;off&#8221; collapsed=&#8221;off&#8221; global_colors_info=&#8221;{}&#8221;][et_pb_row disabled_on=&#8221;off|off|off&#8221; _builder_version=&#8221;4.19.0&#8243; _module_preset=&#8221;default&#8221; background_color=&#8221;RGBA(255,255,255,0)&#8221; width_tablet=&#8221;80%&#8221; width_phone=&#8221;80%&#8221; width_last_edited=&#8221;on|tablet&#8221; module_alignment=&#8221;center&#8221; custom_padding=&#8221;0px|0px|0px|0px|false|false&#8221; custom_css_main_element=&#8221;align-items:center;&#8221; locked=&#8221;off&#8221; global_colors_info=&#8221;{}&#8221;][et_pb_column type=&#8221;4_4&#8243; _builder_version=&#8221;4.19.0&#8243; _module_preset=&#8221;default&#8221; global_colors_info=&#8221;{}&#8221;][et_pb_text admin_label=&#8221;T\u00edtulo&#8221; _builder_version=&#8221;4.19.0&#8243; _module_preset=&#8221;default&#8221; text_font=&#8221;fontspring-demo-augermono-medium|800||on|||||&#8221; text_font_size=&#8221;30px&#8221; text_line_height=&#8221;30px&#8221; header_font=&#8221;fontspring-demo-augermono-black|||on|||||&#8221; header_text_align=&#8221;left&#8221; header_font_size=&#8221;65px&#8221; header_2_font=&#8221;augermono-black|||on|||||&#8221; header_2_font_size=&#8221;38px&#8221; text_orientation=&#8221;center&#8221; width=&#8221;100%&#8221; custom_margin=&#8221;|0px|60px|0px|false|false&#8221; header_font_size_tablet=&#8221;58px&#8221; header_font_size_phone=&#8221;45px&#8221; header_font_size_last_edited=&#8221;on|desktop&#8221; header_2_font_size_tablet=&#8221;34px&#8221; header_2_font_size_phone=&#8221;26px&#8221; header_2_font_size_last_edited=&#8221;on|phone&#8221; custom_css_main_element=&#8221;h2{||  width:70%;||}&#8221; global_colors_info=&#8221;{}&#8221;]<\/p>\n<h2>SOBRE A M\u00c1S DEMOCRACIA<\/h2>\n<p>[\/et_pb_text][et_pb_text admin_label=&#8221;Introducci\u00f3n&#8221; _builder_version=&#8221;4.19.0&#8243; _module_preset=&#8221;default&#8221; text_font=&#8221;Century Gothic||||||||&#8221; text_font_size=&#8221;17px&#8221; text_line_height=&#8221;30px&#8221; ul_font=&#8221;Century Gothic||||||||&#8221; ul_text_align=&#8221;left&#8221; ul_font_size=&#8221;17px&#8221; header_font=&#8221;fontspring-demo-augermono-black|||on|||||&#8221; header_text_align=&#8221;center&#8221; header_text_color=&#8221;#000000&#8243; header_line_height=&#8221;30px&#8221; width=&#8221;70%&#8221; module_alignment=&#8221;center&#8221; custom_margin=&#8221;||60px||false|false&#8221; custom_padding=&#8221;||||false|false&#8221; text_font_size_tablet=&#8221;15px&#8221; text_font_size_phone=&#8221;15px&#8221; text_font_size_last_edited=&#8221;on|phone&#8221; ul_font_size_tablet=&#8221;15px&#8221; ul_font_size_phone=&#8221;15px&#8221; ul_font_size_last_edited=&#8221;on|phone&#8221; custom_css_main_element=&#8221;margin:auto;&#8221; global_colors_info=&#8221;{}&#8221;]A +Democracia \u00e9 uma organiza\u00e7\u00e3o pol\u00edtica de cidad\u00e3os que visa influenciar as institui\u00e7\u00f5es, os partidos, os meios de comunica\u00e7\u00e3o social e a opini\u00e3o p\u00fablica atrav\u00e9s do trabalho em rede com outras organiza\u00e7\u00f5es nacionais e internacionais assente na pluralidade ideol\u00f3gica e na diversidade intergeracional para mobilizar os cidad\u00e3os e propor mudan\u00e7as nas nossas normas, comportamentos e cultura com o objetivo de melhorar a qualidade da democracia e refor\u00e7ar a participa\u00e7\u00e3o pol\u00edtica dos cidad\u00e3os. <\/p>\n<p>Entre as suas principais iniciativas, a +Democracia promoveu e continua a promover melhorias no funcionamento democr\u00e1tico dos partidos pol\u00edticos, em particular nos sistemas de sele\u00e7\u00e3o de cargos p\u00fablicos e na defesa dos direitos dos seus membros. Interveio tamb\u00e9m ao n\u00edvel do funcionamento do sistema eleitoral, para obter uma maior proporcionalidade e proximidade entre o eleitorado e os representantes eleitos, ao n\u00edvel do funcionamento do Parlamento, com mais informa\u00e7\u00e3o e participa\u00e7\u00e3o dos cidad\u00e3os nas iniciativas legislativas e garantindo uma maior autonomia aos deputados em rela\u00e7\u00e3o aos seus grupos, e tamb\u00e9m ao n\u00edvel do refor\u00e7o dos n\u00edveis de transpar\u00eancia e responsabiliza\u00e7\u00e3o das institui\u00e7\u00f5es, promovendo medidas de regenera\u00e7\u00e3o democr\u00e1tica e de combate \u00e0 corrup\u00e7\u00e3o. Colaborou tamb\u00e9m com a Editorial Gedisa na elabora\u00e7\u00e3o de uma cole\u00e7\u00e3o de livros em que cada um aborda em profundidade um tema atual: corrup\u00e7\u00e3o, participa\u00e7\u00e3o dos cidad\u00e3os e movimentos sociais, sistema eleitoral e financiamento dos partidos, entre outros. <\/p>\n<p>Cada uma das iniciativas da +Democracia assenta nos seus valores fundadores: empenho, participa\u00e7\u00e3o, transpar\u00eancia, di\u00e1logo, colabora\u00e7\u00e3o e inova\u00e7\u00e3o.[\/et_pb_text][et_pb_image src=&#8221;https:\/\/thehiddendrug.llorenteycuenca.com\/wp-content\/uploads\/2022\/11\/Frame-1.png&#8221; title_text=&#8221;Frame&#8221; force_fullwidth=&#8221;on&#8221; _builder_version=&#8221;4.19.0&#8243; _module_preset=&#8221;default&#8221; custom_margin=&#8221;20px||20px||false|false&#8221; global_colors_info=&#8221;{}&#8221;][\/et_pb_image][\/et_pb_column][\/et_pb_row][\/et_pb_section]<\/p>\n","protected":false},"excerpt":{"rendered":"<p>O estudo obt\u00e9m as suas conclus\u00f5es com base na an\u00e1lise do debate social na Am\u00e9rica Latina e nos EUA, nos territ\u00f3rios com maior n\u00edvel de polariza\u00e7\u00e3o.<\/p>\n","protected":false},"author":1,"featured_media":0,"parent":0,"menu_order":0,"comment_status":"closed","ping_status":"closed","template":"","meta":{"_et_pb_use_builder":"on","_et_pb_old_content":"","_et_gb_content_width":""},"aioseo_notices":[],"_links":{"self":[{"href":"https:\/\/thehiddendrug.llorenteycuenca.com\/pt-pt\/wp-json\/wp\/v2\/pages\/718"}],"collection":[{"href":"https:\/\/thehiddendrug.llorenteycuenca.com\/pt-pt\/wp-json\/wp\/v2\/pages"}],"about":[{"href":"https:\/\/thehiddendrug.llorenteycuenca.com\/pt-pt\/wp-json\/wp\/v2\/types\/page"}],"author":[{"embeddable":true,"href":"https:\/\/thehiddendrug.llorenteycuenca.com\/pt-pt\/wp-json\/wp\/v2\/users\/1"}],"replies":[{"embeddable":true,"href":"https:\/\/thehiddendrug.llorenteycuenca.com\/pt-pt\/wp-json\/wp\/v2\/comments?post=718"}],"version-history":[{"count":10,"href":"https:\/\/thehiddendrug.llorenteycuenca.com\/pt-pt\/wp-json\/wp\/v2\/pages\/718\/revisions"}],"predecessor-version":[{"id":1464,"href":"https:\/\/thehiddendrug.llorenteycuenca.com\/pt-pt\/wp-json\/wp\/v2\/pages\/718\/revisions\/1464"}],"wp:attachment":[{"href":"https:\/\/thehiddendrug.llorenteycuenca.com\/pt-pt\/wp-json\/wp\/v2\/media?parent=718"}],"curies":[{"name":"wp","href":"https:\/\/api.w.org\/{rel}","templated":true}]}}