{"id":735,"date":"2022-11-14T08:10:13","date_gmt":"2022-11-14T08:10:13","guid":{"rendered":"https:\/\/thehiddendrug.llorenteycuenca.com\/metodologia\/"},"modified":"2022-11-30T07:58:10","modified_gmt":"2022-11-30T07:58:10","slug":"metodologia","status":"publish","type":"page","link":"https:\/\/thehiddendrug.llorenteycuenca.com\/pt-br\/metodologia\/","title":{"rendered":"Metodologia"},"content":{"rendered":"<p>[et_pb_section fb_built=&#8221;1&#8243; admin_label=&#8221;Secci\u00f3n &#8211; Territorios y pa\u00edses&#8221; _builder_version=&#8221;4.19.0&#8243; _module_preset=&#8221;default&#8221; background_color=&#8221;RGBA(255,255,255,0)&#8221; background_enable_image=&#8221;off&#8221; custom_margin=&#8221;50px||||false|false&#8221; collapsed=&#8221;off&#8221; global_colors_info=&#8221;{}&#8221;][et_pb_row disabled_on=&#8221;off|off|off&#8221; admin_label=&#8221;Fila &#8211; Introducci\u00f3n&#8221; _builder_version=&#8221;4.19.0&#8243; _module_preset=&#8221;default&#8221; background_color=&#8221;RGBA(255,255,255,0)&#8221; width_tablet=&#8221;80%&#8221; width_phone=&#8221;80%&#8221; width_last_edited=&#8221;on|tablet&#8221; module_alignment=&#8221;center&#8221; custom_margin=&#8221;40px||40px||false|false&#8221; custom_margin_tablet=&#8221;40px||40px||false|false&#8221; custom_margin_phone=&#8221;40px||40px||false|false&#8221; custom_margin_last_edited=&#8221;on|desktop&#8221; custom_padding=&#8221;0px|0px|0px|0px|false|false&#8221; custom_css_main_element=&#8221;align-items:center;&#8221; locked=&#8221;off&#8221; global_colors_info=&#8221;{}&#8221;][et_pb_column type=&#8221;4_4&#8243; _builder_version=&#8221;4.19.0&#8243; _module_preset=&#8221;default&#8221; global_colors_info=&#8221;{}&#8221;][et_pb_text admin_label=&#8221;T\u00edtulo&#8221; _builder_version=&#8221;4.19.0&#8243; _module_preset=&#8221;default&#8221; text_font=&#8221;Century Gothic||||||||&#8221; text_font_size=&#8221;50px&#8221; text_line_height=&#8221;21px&#8221; header_font=&#8221;augermono-black|||on|||||&#8221; header_text_align=&#8221;center&#8221; header_font_size=&#8221;38px&#8221; text_orientation=&#8221;center&#8221; width=&#8221;80%&#8221; width_tablet=&#8221;80%&#8221; width_phone=&#8221;80%&#8221; width_last_edited=&#8221;on|desktop&#8221; module_alignment=&#8221;center&#8221; custom_margin=&#8221;||60px||false|false&#8221; custom_padding=&#8221;||||false|false&#8221; text_font_size_tablet=&#8221;40px&#8221; text_font_size_phone=&#8221;30px&#8221; text_font_size_last_edited=&#8221;on|phone&#8221; header_text_align_tablet=&#8221;center&#8221; header_text_align_phone=&#8221;center&#8221; header_text_align_last_edited=&#8221;on|desktop&#8221; header_font_size_tablet=&#8221;34px&#8221; header_font_size_phone=&#8221;26px&#8221; header_font_size_last_edited=&#8221;on|phone&#8221; custom_css_main_element=&#8221;margin:auto;&#8221; global_colors_info=&#8221;{}&#8221;]<\/p>\n<h1>Debate no Twitter de 10 territ\u00f3rios em 12 pa\u00edses.<\/h1>\n<p>[\/et_pb_text][et_pb_text admin_label=&#8221;Introducci\u00f3n&#8221; _builder_version=&#8221;4.19.0&#8243; _module_preset=&#8221;default&#8221; text_font=&#8221;augermono-regular||||||||&#8221; text_font_size=&#8221;20px&#8221; text_line_height=&#8221;20px&#8221; header_font=&#8221;fontspring-demo-augermono-black|||on|||||&#8221; header_text_align=&#8221;center&#8221; header_text_color=&#8221;#000000&#8243; header_line_height=&#8221;40px&#8221; text_orientation=&#8221;center&#8221; width=&#8221;70%&#8221; module_alignment=&#8221;center&#8221; custom_margin=&#8221;auto||auto||false|false&#8221; custom_padding=&#8221;||||false|false&#8221; text_font_size_tablet=&#8221;17px&#8221; text_font_size_phone=&#8221;15px&#8221; text_font_size_last_edited=&#8221;on|desktop&#8221; custom_css_main_element=&#8221;margin:auto;&#8221; global_colors_info=&#8221;{}&#8221;]<\/p>\n<p>O estudo tira suas conclus\u00f5es da an\u00e1lise do debate social na Ibero-Am\u00e9rica e nos EUA, nos territ\u00f3rios com maior grau de polariza\u00e7\u00e3o:<\/p>\n<p>[\/et_pb_text][\/et_pb_column][\/et_pb_row][et_pb_row admin_label=&#8221;Fila &#8211; Territorios&#8221; _builder_version=&#8221;4.19.0&#8243; _module_preset=&#8221;default&#8221; background_color=&#8221;RGBA(255,255,255,0)&#8221; custom_margin=&#8221;80px||60px||false|false&#8221; custom_margin_tablet=&#8221;80px||60px||false|false&#8221; custom_margin_phone=&#8221;80px||60px||false|false&#8221; custom_margin_last_edited=&#8221;on|tablet&#8221; global_colors_info=&#8221;{}&#8221;][et_pb_column type=&#8221;4_4&#8243; _builder_version=&#8221;4.19.0&#8243; _module_preset=&#8221;default&#8221; global_colors_info=&#8221;{}&#8221;][et_pb_text admin_label=&#8221;T\u00edtulo territorios&#8221; _builder_version=&#8221;4.19.0&#8243; _module_preset=&#8221;default&#8221; text_font=&#8221;fontspring-demo-augermono-medium|700||on|||||&#8221; text_font_size=&#8221;30px&#8221; text_line_height=&#8221;30px&#8221; header_font=&#8221;fontspring-demo-augermono-black|||on|||||&#8221; header_text_align=&#8221;left&#8221; header_font_size=&#8221;65px&#8221; header_2_font=&#8221;augermono-black|||on|||||&#8221; header_2_font_size=&#8221;38px&#8221; text_orientation=&#8221;center&#8221; width=&#8221;100%&#8221; custom_margin=&#8221;|0px||0px|false|false&#8221; text_font_size_tablet=&#8221;30px&#8221; text_font_size_phone=&#8221;30px&#8221; text_font_size_last_edited=&#8221;on|desktop&#8221; header_font_size_tablet=&#8221;58px&#8221; header_font_size_phone=&#8221;45px&#8221; header_font_size_last_edited=&#8221;on|desktop&#8221; header_2_font_size_tablet=&#8221;34px&#8221; header_2_font_size_phone=&#8221;26px&#8221; header_2_font_size_last_edited=&#8221;on|phone&#8221; custom_css_main_element=&#8221;h2{||  width:70%;||}&#8221; global_colors_info=&#8221;{}&#8221;]<\/p>\n<h2>TERRIT\u00d3RIOS<\/h2>\n<p>[\/et_pb_text][et_pb_text admin_label=&#8221;Texto&#8221; _builder_version=&#8221;4.19.0&#8243; _module_preset=&#8221;default&#8221; text_font=&#8221;augermono-regular||||||||&#8221; text_font_size=&#8221;20px&#8221; text_line_height=&#8221;20px&#8221; header_font=&#8221;fontspring-demo-augermono-black|||on|||||&#8221; header_text_align=&#8221;center&#8221; header_text_color=&#8221;#000000&#8243; header_line_height=&#8221;40px&#8221; text_orientation=&#8221;center&#8221; width=&#8221;70%&#8221; module_alignment=&#8221;center&#8221; custom_margin=&#8221;auto||auto||false|false&#8221; custom_padding=&#8221;||||false|false&#8221; text_font_size_tablet=&#8221;17px&#8221; text_font_size_phone=&#8221;15px&#8221; text_font_size_last_edited=&#8221;on|desktop&#8221; custom_css_main_element=&#8221;margin:auto;&#8221; locked=&#8221;off&#8221; global_colors_info=&#8221;{}&#8221;]<\/p>\n<p><span style=\"font-weight: 400;\">ABORTO &#8211; <\/span><span style=\"font-weight: 400;\">MUDAN\u00c7A CLIM\u00c1TICA &#8211; <\/span><span style=\"font-weight: 400;\">DIREITOS HUMANOS &#8211; <\/span><span style=\"font-weight: 400;\">IMIGRA\u00c7\u00c3O &#8211; <\/span><span style=\"font-weight: 400;\">FEMINISMO &#8211; <\/span><span style=\"font-weight: 400;\">LIBERDADE DE EXPRESS\u00c3O &#8211; <\/span><span style=\"font-weight: 400;\">PENA DE MORTE &#8211; <\/span><span style=\"font-weight: 400;\">SAL\u00c1RIO M\u00cdNIMO &#8211; <\/span><span style=\"font-weight: 400;\">RACISMO\u00a0 &#8211; <\/span><span style=\"font-weight: 400;\">SINDICATOS\u00a0<\/span><\/p>\n<p>&nbsp;<\/p>\n<p>[\/et_pb_text][et_pb_image src=&#8221;https:\/\/thehiddendrug.llorenteycuenca.com\/wp-content\/uploads\/2022\/11\/Frame-1.png&#8221; title_text=&#8221;Frame&#8221; show_bottom_space=&#8221;off&#8221; force_fullwidth=&#8221;on&#8221; _builder_version=&#8221;4.19.0&#8243; _module_preset=&#8221;default&#8221; custom_margin=&#8221;80px||||false|false&#8221; custom_margin_tablet=&#8221;80px||||false|false&#8221; custom_margin_phone=&#8221;80px||||false|false&#8221; custom_margin_last_edited=&#8221;on|desktop&#8221; global_colors_info=&#8221;{}&#8221;][\/et_pb_image][\/et_pb_column][\/et_pb_row][et_pb_row admin_label=&#8221;Fila &#8211; Pa\u00edses&#8221; _builder_version=&#8221;4.19.0&#8243; _module_preset=&#8221;default&#8221; custom_margin=&#8221;20px||40px||false|false&#8221; custom_margin_tablet=&#8221;||20px||false|false&#8221; custom_margin_phone=&#8221;||0px||false|false&#8221; custom_margin_last_edited=&#8221;on|desktop&#8221; global_colors_info=&#8221;{}&#8221;][et_pb_column type=&#8221;4_4&#8243; _builder_version=&#8221;4.19.0&#8243; _module_preset=&#8221;default&#8221; global_colors_info=&#8221;{}&#8221;][et_pb_text admin_label=&#8221;T\u00edtulo paises&#8221; _builder_version=&#8221;4.19.0&#8243; _module_preset=&#8221;default&#8221; text_font=&#8221;fontspring-demo-augermono-medium|700||on|||||&#8221; text_font_size=&#8221;30px&#8221; text_line_height=&#8221;30px&#8221; header_font=&#8221;fontspring-demo-augermono-black|||on|||||&#8221; header_text_align=&#8221;left&#8221; header_font_size=&#8221;65px&#8221; header_2_font=&#8221;augermono-black|||on|||||&#8221; header_2_font_size=&#8221;38px&#8221; text_orientation=&#8221;center&#8221; width=&#8221;100%&#8221; custom_margin=&#8221;|0px||0px|false|false&#8221; text_font_size_tablet=&#8221;30px&#8221; text_font_size_phone=&#8221;30px&#8221; text_font_size_last_edited=&#8221;on|desktop&#8221; header_font_size_tablet=&#8221;58px&#8221; header_font_size_phone=&#8221;45px&#8221; header_font_size_last_edited=&#8221;on|desktop&#8221; header_2_font_size_tablet=&#8221;34px&#8221; header_2_font_size_phone=&#8221;26px&#8221; header_2_font_size_last_edited=&#8221;on|phone&#8221; custom_css_main_element=&#8221;h2{||  width:70%;||}&#8221; locked=&#8221;off&#8221; global_colors_info=&#8221;{}&#8221;]<\/p>\n<h2><span style=\"font-weight: 400;\">PA\u00cdSES <\/span><\/h2>\n<p>[\/et_pb_text][et_pb_image src=&#8221;https:\/\/thehiddendrug.llorenteycuenca.com\/wp-content\/uploads\/2022\/11\/Mapa-DEK.png&#8221; title_text=&#8221;Mapa-DEK&#8221; align=&#8221;center&#8221; force_fullwidth=&#8221;on&#8221; src_tablet=&#8221;https:\/\/thehiddendrug.llorenteycuenca.com\/wp-content\/uploads\/2022\/11\/Mapa-1024.png&#8221; src_phone=&#8221;https:\/\/thehiddendrug.llorenteycuenca.com\/wp-content\/uploads\/2022\/11\/Mapa-768.png&#8221; src_last_edited=&#8221;on|desktop&#8221; _builder_version=&#8221;4.19.0&#8243; _module_preset=&#8221;default&#8221; module_alignment=&#8221;center&#8221; hover_enabled=&#8221;0&#8243; global_colors_info=&#8221;{}&#8221; sticky_enabled=&#8221;0&#8243;][\/et_pb_image][et_pb_image src=&#8221;https:\/\/thehiddendrug.llorenteycuenca.com\/wp-content\/uploads\/2022\/11\/Frame-1.png&#8221; title_text=&#8221;Frame&#8221; show_bottom_space=&#8221;off&#8221; force_fullwidth=&#8221;on&#8221; _builder_version=&#8221;4.19.0&#8243; _module_preset=&#8221;default&#8221; custom_margin=&#8221;20px||20px||false|false&#8221; global_colors_info=&#8221;{}&#8221;][\/et_pb_image][\/et_pb_column][\/et_pb_row][\/et_pb_section][et_pb_section fb_built=&#8221;1&#8243; admin_label=&#8221;Secci\u00f3n &#8211; Ventana temporal&#8221; _builder_version=&#8221;4.19.0&#8243; _module_preset=&#8221;default&#8221; background_color=&#8221;RGBA(255,255,255,0)&#8221; background_enable_image=&#8221;off&#8221; background_position=&#8221;top_center&#8221; global_colors_info=&#8221;{}&#8221;][et_pb_row admin_label=&#8221;Fila &#8211; Ventana temporal&#8221; _builder_version=&#8221;4.19.0&#8243; _module_preset=&#8221;default&#8221; custom_margin=&#8221;20px||20px||false|false&#8221; custom_margin_tablet=&#8221;20px||20px||false|false&#8221; custom_margin_phone=&#8221;20px||20px||false|false&#8221; custom_margin_last_edited=&#8221;on|phone&#8221; locked=&#8221;off&#8221; global_colors_info=&#8221;{}&#8221;][et_pb_column type=&#8221;4_4&#8243; _builder_version=&#8221;4.19.0&#8243; _module_preset=&#8221;default&#8221; global_colors_info=&#8221;{}&#8221;][et_pb_text admin_label=&#8221;T\u00edtulo Ventana temporal&#8221; _builder_version=&#8221;4.19.0&#8243; _module_preset=&#8221;default&#8221; text_font=&#8221;fontspring-demo-augermono-medium|700||on|||||&#8221; text_font_size=&#8221;30px&#8221; text_line_height=&#8221;30px&#8221; header_font=&#8221;fontspring-demo-augermono-black|||on|||||&#8221; header_text_align=&#8221;left&#8221; header_font_size=&#8221;65px&#8221; header_2_font=&#8221;augermono-black|||on|||||&#8221; header_2_font_size=&#8221;38px&#8221; text_orientation=&#8221;center&#8221; width=&#8221;100%&#8221; custom_margin=&#8221;|0px||0px|false|false&#8221; text_font_size_tablet=&#8221;30px&#8221; text_font_size_phone=&#8221;30px&#8221; text_font_size_last_edited=&#8221;on|desktop&#8221; header_font_size_tablet=&#8221;58px&#8221; header_font_size_phone=&#8221;45px&#8221; header_font_size_last_edited=&#8221;on|desktop&#8221; header_2_font_size_tablet=&#8221;34px&#8221; header_2_font_size_phone=&#8221;26px&#8221; header_2_font_size_last_edited=&#8221;on|phone&#8221; custom_css_main_element=&#8221;h2{||  width:70%;||}&#8221; locked=&#8221;off&#8221; global_colors_info=&#8221;{}&#8221;]<\/p>\n<h2><span style=\"font-weight: 400;\">JANELA TEMPORAL\u00a0<\/span><\/h2>\n<p>[\/et_pb_text][et_pb_text admin_label=&#8221;Texto&#8221; _builder_version=&#8221;4.19.0&#8243; _module_preset=&#8221;default&#8221; text_font=&#8221;augermono-regular||||||||&#8221; text_font_size=&#8221;20px&#8221; text_line_height=&#8221;20px&#8221; header_font=&#8221;fontspring-demo-augermono-black|||on|||||&#8221; header_text_align=&#8221;center&#8221; header_text_color=&#8221;#000000&#8243; header_line_height=&#8221;40px&#8221; text_orientation=&#8221;center&#8221; width=&#8221;70%&#8221; module_alignment=&#8221;center&#8221; custom_margin=&#8221;auto||auto||false|false&#8221; custom_padding=&#8221;||||false|false&#8221; text_font_size_tablet=&#8221;17px&#8221; text_font_size_phone=&#8221;15px&#8221; text_font_size_last_edited=&#8221;on|desktop&#8221; custom_css_main_element=&#8221;margin:auto;&#8221; locked=&#8221;off&#8221; global_colors_info=&#8221;{}&#8221;]<\/p>\n<p>\u00daltimos 5 anos (1 de setembro de 2017 a 31 de agosto de 2022)<\/p>\n<p>[\/et_pb_text][\/et_pb_column][\/et_pb_row][et_pb_row column_structure=&#8221;1_2,1_2&#8243; admin_label=&#8221;Fila &#8211; Datos&#8221; _builder_version=&#8221;4.19.0&#8243; _module_preset=&#8221;default&#8221; width=&#8221;100%&#8221; module_alignment=&#8221;center&#8221; custom_margin=&#8221;30px||30px||false|false&#8221; custom_margin_tablet=&#8221;0px||20px||false|false&#8221; custom_margin_phone=&#8221;0px||20px||false|false&#8221; custom_margin_last_edited=&#8221;on|phone&#8221; custom_css_main_element=&#8221;h2{||  width:70%;||}&#8221; global_colors_info=&#8221;{}&#8221; header_font_size_tablet=&#8221;58px&#8221; header_font_size_phone=&#8221;45px&#8221; header_font_size_last_edited=&#8221;on|desktop&#8221; header_2_font_size_tablet=&#8221;54px&#8221; header_2_font_size_phone=&#8221;42px&#8221; header_2_font_size_last_edited=&#8221;on|phone&#8221;][et_pb_column type=&#8221;1_2&#8243; _builder_version=&#8221;4.19.0&#8243; _module_preset=&#8221;default&#8221; global_colors_info=&#8221;{}&#8221;][et_pb_text admin_label=&#8221;T\u00edtulo 601M&#8221; _builder_version=&#8221;4.19.0&#8243; _module_preset=&#8221;default&#8221; text_font=&#8221;augermono-bold|800||on|||||&#8221; text_font_size=&#8221;30px&#8221; text_line_height=&#8221;30px&#8221; header_font=&#8221;fontspring-demo-augermono-black|||on|||||&#8221; header_text_align=&#8221;left&#8221; header_font_size=&#8221;65px&#8221; header_2_font=&#8221;fontspring-demo-augermono-black|||on|||||&#8221; header_2_font_size=&#8221;60px&#8221; text_orientation=&#8221;center&#8221; width=&#8221;100%&#8221; module_alignment=&#8221;center&#8221; custom_margin=&#8221;20px|0px|20px|0px|false|false&#8221; text_font_size_tablet=&#8221;27px&#8221; text_font_size_phone=&#8221;21px&#8221; text_font_size_last_edited=&#8221;on|desktop&#8221; header_font_size_tablet=&#8221;58px&#8221; header_font_size_phone=&#8221;45px&#8221; header_font_size_last_edited=&#8221;on|desktop&#8221; header_2_font_size_tablet=&#8221;54px&#8221; header_2_font_size_phone=&#8221;42px&#8221; header_2_font_size_last_edited=&#8221;on|desktop&#8221; custom_css_main_element=&#8221;h2{||  width:70%;||}&#8221; locked=&#8221;off&#8221; global_colors_info=&#8221;{}&#8221;]<\/p>\n<p>MAIS DE 601 MILH\u00d5ES<\/p>\n<p>[\/et_pb_text][et_pb_text admin_label=&#8221;Texto&#8221; _builder_version=&#8221;4.19.0&#8243; _module_preset=&#8221;default&#8221; text_font=&#8221;augermono-regular||||||||&#8221; text_font_size=&#8221;20px&#8221; header_font=&#8221;fontspring-demo-augermono-black|||on|||||&#8221; header_text_align=&#8221;center&#8221; header_text_color=&#8221;#000000&#8243; header_line_height=&#8221;30px&#8221; text_orientation=&#8221;center&#8221; width=&#8221;70%&#8221; module_alignment=&#8221;center&#8221; custom_margin=&#8221;auto||auto||false|false&#8221; custom_padding=&#8221;||||false|false&#8221; text_font_size_tablet=&#8221;17px&#8221; text_font_size_phone=&#8221;15px&#8221; text_font_size_last_edited=&#8221;on|desktop&#8221; custom_css_main_element=&#8221;margin:auto;&#8221; locked=&#8221;off&#8221; global_colors_info=&#8221;{}&#8221;]<\/p>\n<p><span style=\"font-weight: 400;\">MENSAGENS ANALISADAS<\/span><\/p>\n<p>[\/et_pb_text][\/et_pb_column][et_pb_column type=&#8221;1_2&#8243; _builder_version=&#8221;4.19.0&#8243; _module_preset=&#8221;default&#8221; global_colors_info=&#8221;{}&#8221;][et_pb_text admin_label=&#8221;T\u00edtulo Redes&#8221; _builder_version=&#8221;4.19.0&#8243; _module_preset=&#8221;default&#8221; text_font=&#8221;augermono-bold|800||on|||||&#8221; text_font_size=&#8221;30px&#8221; text_line_height=&#8221;30px&#8221; header_font=&#8221;fontspring-demo-augermono-black|||on|||||&#8221; header_text_align=&#8221;left&#8221; header_font_size=&#8221;65px&#8221; header_2_font=&#8221;fontspring-demo-augermono-black|||on|||||&#8221; header_2_font_size=&#8221;60px&#8221; text_orientation=&#8221;center&#8221; width=&#8221;100%&#8221; module_alignment=&#8221;center&#8221; custom_margin=&#8221;20px|0px|20px|0px|false|false&#8221; text_font_size_tablet=&#8221;27px&#8221; text_font_size_phone=&#8221;21px&#8221; text_font_size_last_edited=&#8221;on|desktop&#8221; header_font_size_tablet=&#8221;58px&#8221; header_font_size_phone=&#8221;45px&#8221; header_font_size_last_edited=&#8221;on|desktop&#8221; header_2_font_size_tablet=&#8221;54px&#8221; header_2_font_size_phone=&#8221;42px&#8221; header_2_font_size_last_edited=&#8221;on|desktop&#8221; custom_css_main_element=&#8221;h2{||  width:70%;||}&#8221; locked=&#8221;off&#8221; global_colors_info=&#8221;{}&#8221;]<\/p>\n<p>MAIS DE 7,3 MIL REDES<\/p>\n<p>[\/et_pb_text][et_pb_text admin_label=&#8221;Texto&#8221; _builder_version=&#8221;4.19.0&#8243; _module_preset=&#8221;default&#8221; text_font=&#8221;augermono-regular||||||||&#8221; text_font_size=&#8221;20px&#8221; header_font=&#8221;fontspring-demo-augermono-black|||on|||||&#8221; header_text_align=&#8221;center&#8221; header_text_color=&#8221;#000000&#8243; header_line_height=&#8221;30px&#8221; text_orientation=&#8221;center&#8221; width=&#8221;70%&#8221; module_alignment=&#8221;center&#8221; custom_margin=&#8221;auto||auto||false|false&#8221; custom_padding=&#8221;||||false|false&#8221; text_font_size_tablet=&#8221;17px&#8221; text_font_size_phone=&#8221;15px&#8221; text_font_size_last_edited=&#8221;on|desktop&#8221; custom_css_main_element=&#8221;margin:auto;&#8221; locked=&#8221;off&#8221; global_colors_info=&#8221;{}&#8221;]<\/p>\n<p>de engagement generadas<\/p>\n<p>[\/et_pb_text][\/et_pb_column][\/et_pb_row][et_pb_row disabled_on=&#8221;off|off|off&#8221; admin_label=&#8221;Fila &#8211; Metodolog\u00eda&#8221; _builder_version=&#8221;4.19.0&#8243; _module_preset=&#8221;default&#8221; background_color=&#8221;RGBA(255,255,255,0)&#8221; width_tablet=&#8221;80%&#8221; width_phone=&#8221;80%&#8221; width_last_edited=&#8221;on|tablet&#8221; module_alignment=&#8221;center&#8221; custom_margin=&#8221;60px||30px||false|false&#8221; custom_margin_tablet=&#8221;60px||30px||false|false&#8221; custom_margin_phone=&#8221;60px||30px||false|false&#8221; custom_margin_last_edited=&#8221;on|phone&#8221; custom_padding=&#8221;0px|0px|0px|0px|false|false&#8221; custom_css_main_element=&#8221;align-items:center;&#8221; locked=&#8221;off&#8221; global_colors_info=&#8221;{}&#8221;][et_pb_column type=&#8221;4_4&#8243; _builder_version=&#8221;4.19.0&#8243; _module_preset=&#8221;default&#8221; global_colors_info=&#8221;{}&#8221;][et_pb_text admin_label=&#8221;T\u00edtulo Metodolog\u00eda&#8221; _builder_version=&#8221;4.19.0&#8243; _module_preset=&#8221;default&#8221; text_font=&#8221;fontspring-demo-augermono-medium|700||on|||||&#8221; text_font_size=&#8221;30px&#8221; text_line_height=&#8221;30px&#8221; header_font=&#8221;fontspring-demo-augermono-black|||on|||||&#8221; header_text_align=&#8221;left&#8221; header_font_size=&#8221;65px&#8221; header_2_font=&#8221;augermono-black|||on|||||&#8221; header_2_font_size=&#8221;38px&#8221; text_orientation=&#8221;center&#8221; width=&#8221;100%&#8221; custom_margin=&#8221;|0px||0px|false|false&#8221; text_font_size_tablet=&#8221;30px&#8221; text_font_size_phone=&#8221;30px&#8221; text_font_size_last_edited=&#8221;on|desktop&#8221; header_font_size_tablet=&#8221;58px&#8221; header_font_size_phone=&#8221;45px&#8221; header_font_size_last_edited=&#8221;on|desktop&#8221; header_2_font_size_tablet=&#8221;34px&#8221; header_2_font_size_phone=&#8221;26px&#8221; header_2_font_size_last_edited=&#8221;on|phone&#8221; custom_css_main_element=&#8221;h2{||  width:70%;||}&#8221; global_colors_info=&#8221;{}&#8221;]<\/p>\n<h2>METODOLOGIA DE MEDI\u00c7\u00c3O DA POLARIZA\u00c7\u00c3O <\/h2>\n<p>[\/et_pb_text][et_pb_text admin_label=&#8221;Texto&#8221; _builder_version=&#8221;4.19.0&#8243; _module_preset=&#8221;default&#8221; text_font=&#8221;Century Gothic||||||||&#8221; text_font_size=&#8221;19px&#8221; text_line_height=&#8221;30px&#8221; ul_font=&#8221;Century Gothic||||||||&#8221; ul_text_align=&#8221;left&#8221; ul_font_size=&#8221;19px&#8221; ol_font=&#8221;Century Gothic||||||||&#8221; ol_text_align=&#8221;left&#8221; ol_font_size=&#8221;17px&#8221; header_font=&#8221;fontspring-demo-augermono-black|||on|||||&#8221; header_text_align=&#8221;center&#8221; header_text_color=&#8221;#000000&#8243; header_line_height=&#8221;30px&#8221; text_orientation=&#8221;center&#8221; width=&#8221;70%&#8221; width_tablet=&#8221;100%&#8221; width_phone=&#8221;100%&#8221; width_last_edited=&#8221;on|phone&#8221; module_alignment=&#8221;center&#8221; custom_margin=&#8221;auto||auto||false|false&#8221; custom_padding=&#8221;||||false|false&#8221; text_font_size_tablet=&#8221;17px&#8221; text_font_size_phone=&#8221;15px&#8221; text_font_size_last_edited=&#8221;on|phone&#8221; ul_font_size_tablet=&#8221;17px&#8221; ul_font_size_phone=&#8221;15px&#8221; ul_font_size_last_edited=&#8221;on|phone&#8221; ol_text_align_tablet=&#8221;left&#8221; ol_text_align_phone=&#8221;left&#8221; ol_text_align_last_edited=&#8221;on|desktop&#8221; ol_font_size_tablet=&#8221;15px&#8221; ol_font_size_phone=&#8221;15px&#8221; ol_font_size_last_edited=&#8221;on|phone&#8221; custom_css_main_element=&#8221;margin:auto;&#8221; global_colors_info=&#8221;{}&#8221;]<\/p>\n<ul>\n<li><span style=\"font-weight: 400;\">Avalia o n\u00edvel de interconectividade entre comunidades opostas e mede a probabilidade de que uma mensagem de uma comunidade possa alcan\u00e7ar a comunidade oposta.\u00a0<\/span><\/li>\n<\/ul>\n<p>&nbsp;<\/p>\n<ul>\n<li><span style=\"font-weight: 400;\">Mede o n\u00edvel de v\u00edcio em debate com base no volume de engajamento por perfil.\u00a0<\/span><\/li>\n<\/ul>\n<p>[\/et_pb_text][et_pb_image src=&#8221;https:\/\/thehiddendrug.llorenteycuenca.com\/wp-content\/uploads\/2022\/11\/Frame-1.png&#8221; title_text=&#8221;Frame&#8221; show_bottom_space=&#8221;off&#8221; force_fullwidth=&#8221;on&#8221; _builder_version=&#8221;4.19.0&#8243; _module_preset=&#8221;default&#8221; custom_margin=&#8221;20px||20px||false|false&#8221; global_colors_info=&#8221;{}&#8221;][\/et_pb_image][\/et_pb_column][\/et_pb_row][\/et_pb_section]<\/p>\n","protected":false},"excerpt":{"rendered":"<p>Avalia o n\u00edvel de interconectividade entre comunidades opostas e mede a probabilidade de que uma mensagem de uma comunidade possa alcan\u00e7ar a comunidade oposta. Mede o n\u00edvel de v\u00edcio em debate com base no volume de engajamento por perfil. <\/p>\n","protected":false},"author":2,"featured_media":1226,"parent":0,"menu_order":0,"comment_status":"closed","ping_status":"closed","template":"","meta":{"_et_pb_use_builder":"on","_et_pb_old_content":"","_et_gb_content_width":""},"aioseo_notices":[],"_links":{"self":[{"href":"https:\/\/thehiddendrug.llorenteycuenca.com\/pt-br\/wp-json\/wp\/v2\/pages\/735"}],"collection":[{"href":"https:\/\/thehiddendrug.llorenteycuenca.com\/pt-br\/wp-json\/wp\/v2\/pages"}],"about":[{"href":"https:\/\/thehiddendrug.llorenteycuenca.com\/pt-br\/wp-json\/wp\/v2\/types\/page"}],"author":[{"embeddable":true,"href":"https:\/\/thehiddendrug.llorenteycuenca.com\/pt-br\/wp-json\/wp\/v2\/users\/2"}],"replies":[{"embeddable":true,"href":"https:\/\/thehiddendrug.llorenteycuenca.com\/pt-br\/wp-json\/wp\/v2\/comments?post=735"}],"version-history":[{"count":13,"href":"https:\/\/thehiddendrug.llorenteycuenca.com\/pt-br\/wp-json\/wp\/v2\/pages\/735\/revisions"}],"predecessor-version":[{"id":1471,"href":"https:\/\/thehiddendrug.llorenteycuenca.com\/pt-br\/wp-json\/wp\/v2\/pages\/735\/revisions\/1471"}],"wp:featuredmedia":[{"embeddable":true,"href":"https:\/\/thehiddendrug.llorenteycuenca.com\/pt-br\/wp-json\/wp\/v2\/media\/1226"}],"wp:attachment":[{"href":"https:\/\/thehiddendrug.llorenteycuenca.com\/pt-br\/wp-json\/wp\/v2\/media?parent=735"}],"curies":[{"name":"wp","href":"https:\/\/api.w.org\/{rel}","templated":true}]}}