{"id":708,"date":"2022-11-14T08:12:29","date_gmt":"2022-11-14T08:12:29","guid":{"rendered":"https:\/\/thehiddendrug.llorenteycuenca.com\/sobre-llyc\/"},"modified":"2022-11-14T08:12:29","modified_gmt":"2022-11-14T08:12:29","slug":"sobre-llyc","status":"publish","type":"page","link":"https:\/\/thehiddendrug.llorenteycuenca.com\/en\/sobre-llyc\/","title":{"rendered":"Sobre LLYC"},"content":{"rendered":"<p>[et_pb_section fb_built=&#8221;1&#8243; admin_label=&#8221;Secci\u00f3n &#8211; Sobre LLYC&#8221; _builder_version=&#8221;4.19.0&#8243; _module_preset=&#8221;default&#8221; background_color=&#8221;RGBA(255,255,255,0)&#8221; background_image=&#8221;https:\/\/thehiddendrug.llorenteycuenca.com\/wp-content\/uploads\/2022\/11\/Informe-Fondos2.png&#8221; custom_margin=&#8221;30px||||false|false&#8221; custom_css_main_element=&#8221;background-blend-mode: hard-light;&#8221; locked=&#8221;off&#8221; collapsed=&#8221;off&#8221; global_colors_info=&#8221;{}&#8221;][et_pb_row disabled_on=&#8221;off|off|off&#8221; _builder_version=&#8221;4.19.0&#8243; _module_preset=&#8221;default&#8221; background_color=&#8221;RGBA(255,255,255,0)&#8221; width_tablet=&#8221;80%&#8221; width_phone=&#8221;80%&#8221; width_last_edited=&#8221;on|tablet&#8221; module_alignment=&#8221;center&#8221; custom_padding=&#8221;0px|0px|0px|0px|false|false&#8221; custom_css_main_element=&#8221;align-items:center;&#8221; locked=&#8221;off&#8221; global_colors_info=&#8221;{}&#8221;][et_pb_column type=&#8221;4_4&#8243; _builder_version=&#8221;4.19.0&#8243; _module_preset=&#8221;default&#8221; global_colors_info=&#8221;{}&#8221;][et_pb_text admin_label=&#8221;T\u00edtulo&#8221; _builder_version=&#8221;4.19.0&#8243; _module_preset=&#8221;default&#8221; text_font=&#8221;Century Gothic||||||||&#8221; text_font_size=&#8221;50px&#8221; text_line_height=&#8221;21px&#8221; header_font=&#8221;augermono-black|||on|||||&#8221; header_text_align=&#8221;center&#8221; header_font_size=&#8221;38px&#8221; text_orientation=&#8221;center&#8221; width=&#8221;80%&#8221; width_tablet=&#8221;80%&#8221; width_phone=&#8221;80%&#8221; width_last_edited=&#8221;on|desktop&#8221; module_alignment=&#8221;center&#8221; custom_margin=&#8221;||0px||false|false&#8221; custom_padding=&#8221;||50px||false|false&#8221; text_font_size_tablet=&#8221;40px&#8221; text_font_size_phone=&#8221;30px&#8221; text_font_size_last_edited=&#8221;on|phone&#8221; header_text_align_tablet=&#8221;center&#8221; header_text_align_phone=&#8221;center&#8221; header_text_align_last_edited=&#8221;on|desktop&#8221; header_text_color_tablet=&#8221;&#8221; header_text_color_phone=&#8221;&#8221; header_text_color_last_edited=&#8221;on|tablet&#8221; header_font_size_tablet=&#8221;34px&#8221; header_font_size_phone=&#8221;26px&#8221; header_font_size_last_edited=&#8221;on|phone&#8221; custom_css_main_element=&#8221;margin:auto;&#8221; global_colors_info=&#8221;{}&#8221;]<\/p>\n<h1>Sobre LLYC<\/h1>\n<p>[\/et_pb_text][et_pb_text admin_label=&#8221;Introducci\u00f3n&#8221; _builder_version=&#8221;4.19.0&#8243; _module_preset=&#8221;default&#8221; text_font=&#8221;Century Gothic||||||||&#8221; text_font_size=&#8221;17px&#8221; text_line_height=&#8221;30px&#8221; ul_font=&#8221;Century Gothic||||||||&#8221; ul_text_align=&#8221;justify&#8221; ul_font_size=&#8221;17px&#8221; header_font=&#8221;fontspring-demo-augermono-black|||on|||||&#8221; header_text_align=&#8221;center&#8221; header_text_color=&#8221;#000000&#8243; header_line_height=&#8221;30px&#8221; width=&#8221;70%&#8221; module_alignment=&#8221;center&#8221; custom_margin=&#8221;auto||auto||false|false&#8221; custom_padding=&#8221;||||false|false&#8221; hover_enabled=&#8221;0&#8243; text_font_size_tablet=&#8221;15px&#8221; text_font_size_phone=&#8221;15px&#8221; text_font_size_last_edited=&#8221;on|desktop&#8221; ul_font_size_tablet=&#8221;15px&#8221; ul_font_size_phone=&#8221;15px&#8221; ul_font_size_last_edited=&#8221;on|phone&#8221; custom_css_main_element=&#8221;margin:auto;&#8221; global_colors_info=&#8221;{}&#8221; sticky_enabled=&#8221;0&#8243;]<\/p>\n<ul><\/ul>\n<p>LLYC es una <strong>firma global de consultor\u00eda de comunicaci\u00f3n, marketing digital y asuntos p\u00fablicos<\/strong> que ayuda a sus clientes a afrontar sus retos estrat\u00e9gicos con soluciones y recomendaciones basadas en la creatividad, la tecnolog\u00eda y la experiencia, buscando minimizar los riesgos, aprovechar las oportunidades y cuidar el impacto reputacional. En el actual contexto disruptivo e incierto, LLYC contribuye a que sus clientes alcancen sus metas de negocio a corto plazo y a fijar una ruta, con una visi\u00f3n de medio y largo plazo, que defienda su licencia social para operar y aumente su prestigio.<\/p>\n<p>LLYC (BME:LLYC)<strong> cotiza en el mercado alternativo burs\u00e1til espa\u00f1ol, BME Growth.<\/strong> En la actualidad, tiene <strong>20 oficinas<\/strong> en Argentina, Brasil (S\u00e3o Paulo y R\u00edo de Janeiro), Colombia, Chile, Ecuador, Espa\u00f1a (Madrid y Barcelona), Estados Unidos (Miami, Nueva York y Washington, DC), M\u00e9xico, Panam\u00e1, Per\u00fa, Portugal y Rep\u00fablica Dominicana. Adem\u00e1s, ofrece sus servicios a trav\u00e9s de compa\u00f1\u00edas afiliadas en el resto de los mercados de Am\u00e9rica Latina.<\/p>\n<p>Las dos publicaciones l\u00edderes del sector sit\u00faan a LLYC <strong>entre las compa\u00f1\u00edas de comunicaci\u00f3n m\u00e1s importantes del mundo.<\/strong> Es la n\u00famero 36 por ingresos a nivel mundial seg\u00fan el Global Agency Business Report 2022 de PRWeek y ocupa el puesto 42 del Ranking Global 2022 elaborado por PRovoke. LLYC ha sido elegida Mejor Consultora de Comunicaci\u00f3n de Europa 2022 en los PRWeek Global Awards, y Consultora de Comunicaci\u00f3n del A\u00f1o en Am\u00e9rica Latina en los International Business Awards 2021.<\/p>\n<p>&nbsp;<\/p>\n<p>[\/et_pb_text][\/et_pb_column][\/et_pb_row][\/et_pb_section][et_pb_section fb_built=&#8221;1&#8243; admin_label=&#8221;Secci\u00f3n &#8211; Sobre m\u00e1s democracia&#8221; _builder_version=&#8221;4.19.0&#8243; _module_preset=&#8221;default&#8221; background_color=&#8221;RGBA(255,255,255,0)&#8221; background_image=&#8221;https:\/\/thehiddendrug.llorenteycuenca.com\/wp-content\/uploads\/2022\/11\/Informe-Fondos.png&#8221; background_position=&#8221;top_center&#8221; locked=&#8221;off&#8221; collapsed=&#8221;off&#8221; global_colors_info=&#8221;{}&#8221;][et_pb_row disabled_on=&#8221;off|off|off&#8221; _builder_version=&#8221;4.19.0&#8243; _module_preset=&#8221;default&#8221; background_color=&#8221;RGBA(255,255,255,0)&#8221; width_tablet=&#8221;80%&#8221; width_phone=&#8221;80%&#8221; width_last_edited=&#8221;on|tablet&#8221; module_alignment=&#8221;center&#8221; custom_padding=&#8221;0px|0px|0px|0px|false|false&#8221; custom_css_main_element=&#8221;align-items:center;&#8221; locked=&#8221;off&#8221; global_colors_info=&#8221;{}&#8221;][et_pb_column type=&#8221;4_4&#8243; _builder_version=&#8221;4.19.0&#8243; _module_preset=&#8221;default&#8221; global_colors_info=&#8221;{}&#8221;][et_pb_text admin_label=&#8221;T\u00edtulo&#8221; _builder_version=&#8221;4.19.0&#8243; _module_preset=&#8221;default&#8221; text_font=&#8221;fontspring-demo-augermono-medium|800||on|||||&#8221; text_font_size=&#8221;30px&#8221; text_line_height=&#8221;30px&#8221; header_font=&#8221;fontspring-demo-augermono-black|||on|||||&#8221; header_text_align=&#8221;left&#8221; header_font_size=&#8221;65px&#8221; header_2_font=&#8221;augermono-black|||on|||||&#8221; header_2_font_size=&#8221;38px&#8221; text_orientation=&#8221;center&#8221; width=&#8221;100%&#8221; custom_margin=&#8221;|0px|60px|0px|false|false&#8221; header_font_size_tablet=&#8221;58px&#8221; header_font_size_phone=&#8221;45px&#8221; header_font_size_last_edited=&#8221;on|desktop&#8221; header_2_font_size_tablet=&#8221;34px&#8221; header_2_font_size_phone=&#8221;26px&#8221; header_2_font_size_last_edited=&#8221;on|phone&#8221; custom_css_main_element=&#8221;h2{||  width:70%;||}&#8221; global_colors_info=&#8221;{}&#8221;]<\/p>\n<h2>SOBRE M\u00c1S DEMOCRACIA<\/h2>\n<p>[\/et_pb_text][et_pb_text admin_label=&#8221;Introducci\u00f3n&#8221; _builder_version=&#8221;4.19.0&#8243; _module_preset=&#8221;default&#8221; text_font=&#8221;Century Gothic||||||||&#8221; text_font_size=&#8221;17px&#8221; text_line_height=&#8221;30px&#8221; ul_font=&#8221;Century Gothic||||||||&#8221; ul_text_align=&#8221;left&#8221; ul_font_size=&#8221;17px&#8221; header_font=&#8221;fontspring-demo-augermono-black|||on|||||&#8221; header_text_align=&#8221;center&#8221; header_text_color=&#8221;#000000&#8243; header_line_height=&#8221;30px&#8221; width=&#8221;70%&#8221; module_alignment=&#8221;center&#8221; custom_margin=&#8221;||60px||false|false&#8221; custom_padding=&#8221;||||false|false&#8221; hover_enabled=&#8221;0&#8243; text_font_size_tablet=&#8221;15px&#8221; text_font_size_phone=&#8221;15px&#8221; text_font_size_last_edited=&#8221;on|phone&#8221; ul_font_size_tablet=&#8221;15px&#8221; ul_font_size_phone=&#8221;15px&#8221; ul_font_size_last_edited=&#8221;on|phone&#8221; custom_css_main_element=&#8221;margin:auto;&#8221; global_colors_info=&#8221;{}&#8221; sticky_enabled=&#8221;0&#8243;]<\/p>\n<p>+Democracia es una organizaci\u00f3n pol\u00edtica ciudadana, que quiere influir en las instituciones, partidos, medios de comunicaci\u00f3n y opini\u00f3n p\u00fablica trabajando en red con otras organizaciones nacionales e internacionales desde la pluralidad ideol\u00f3gica y la diversidad intergeneracional, movilizando a la ciudadan\u00eda, y proponiendo cambios en nuestras normas y en nuestros comportamientos y nuestra cultura, para mejorar la calidad de la democracia e incrementar la participaci\u00f3n pol\u00edtica ciudadana.<\/p>\n<p>Dentro de sus principales iniciativas +Democracia ha promovido y continua impulsando mejoras en el funcionamiento democr\u00e1tico de los partidos pol\u00edticos, en particular los sistemas de selecci\u00f3n de cargos p\u00fablicos y la defensa de los derechos de los y las afiliadas; en el funcionamiento del sistema electoral, para lograr mayor proporcionalidad y proximidad entre el electorado y los y las representantes electas; en el funcionamiento del Parlamento, mediante mayor informaci\u00f3n y participaci\u00f3n ciudadana en las iniciativas legislativas y garantizando una mayor autonom\u00eda de los y las parlamentarias respecto de sus grupos; y el aumento en los niveles de transparencia y rendici\u00f3n de cuentas de las instituciones, impulsando medidas de regeneraci\u00f3n democr\u00e1tica y lucha contra la corrupci\u00f3n. Como tambi\u00e9n ha colaborado con la Editorial Gedisa en la elaboraci\u00f3n de una colecci\u00f3n de libros en donde cada uno profundiza sobre un tema de actualidad: la corrupci\u00f3n, la participaci\u00f3n ciudadana y los movimientos sociales, el sistema electoral, la financiaci\u00f3n de los partidos, entre otros<\/p>\n<p>Cada una de las iniciativas de +Democracia se fundamenta en sus valores fundacionales: el compromiso, la participaci\u00f3n, la transparencia, el di\u00e1logo, la colaboraci\u00f3n y la innovaci\u00f3n.<\/p>\n<p>[\/et_pb_text][et_pb_image src=&#8221;https:\/\/thehiddendrug.llorenteycuenca.com\/wp-content\/uploads\/2022\/11\/Frame-1.png&#8221; title_text=&#8221;Frame&#8221; force_fullwidth=&#8221;on&#8221; _builder_version=&#8221;4.19.0&#8243; _module_preset=&#8221;default&#8221; custom_margin=&#8221;20px||20px||false|false&#8221; global_colors_info=&#8221;{}&#8221;][\/et_pb_image][\/et_pb_column][\/et_pb_row][\/et_pb_section]<\/p>\n","protected":false},"excerpt":{"rendered":"<p>[et_pb_section fb_built=&#8221;1&#8243; admin_label=&#8221;Secci\u00f3n &#8211; Sobre LLYC&#8221; _builder_version=&#8221;4.19.0&#8243; _module_preset=&#8221;default&#8221; background_color=&#8221;RGBA(255,255,255,0)&#8221; background_image=&#8221;https:\/\/thehiddendrug.llorenteycuenca.com\/wp-content\/uploads\/2022\/11\/Informe-Fondos2.png&#8221; custom_margin=&#8221;30px||||false|false&#8221; custom_css_main_element=&#8221;background-blend-mode: hard-light;&#8221; locked=&#8221;off&#8221; collapsed=&#8221;off&#8221; global_colors_info=&#8221;{}&#8221;][et_pb_row disabled_on=&#8221;off|off|off&#8221; _builder_version=&#8221;4.19.0&#8243; _module_preset=&#8221;default&#8221; background_color=&#8221;RGBA(255,255,255,0)&#8221; width_tablet=&#8221;80%&#8221; width_phone=&#8221;80%&#8221; width_last_edited=&#8221;on|tablet&#8221; module_alignment=&#8221;center&#8221; custom_padding=&#8221;0px|0px|0px|0px|false|false&#8221; custom_css_main_element=&#8221;align-items:center;&#8221; locked=&#8221;off&#8221; global_colors_info=&#8221;{}&#8221;][et_pb_column type=&#8221;4_4&#8243; _builder_version=&#8221;4.19.0&#8243; _module_preset=&#8221;default&#8221; global_colors_info=&#8221;{}&#8221;][et_pb_text admin_label=&#8221;T\u00edtulo&#8221; _builder_version=&#8221;4.19.0&#8243; _module_preset=&#8221;default&#8221; text_font=&#8221;Century Gothic||||||||&#8221; text_font_size=&#8221;50px&#8221; text_line_height=&#8221;21px&#8221; header_font=&#8221;augermono-black|||on|||||&#8221; header_text_align=&#8221;center&#8221; header_font_size=&#8221;38px&#8221; text_orientation=&#8221;center&#8221; width=&#8221;80%&#8221; width_tablet=&#8221;80%&#8221; width_phone=&#8221;80%&#8221; width_last_edited=&#8221;on|desktop&#8221; module_alignment=&#8221;center&#8221; custom_margin=&#8221;||0px||false|false&#8221; custom_padding=&#8221;||50px||false|false&#8221; text_font_size_tablet=&#8221;40px&#8221; text_font_size_phone=&#8221;30px&#8221; text_font_size_last_edited=&#8221;on|phone&#8221; header_text_align_tablet=&#8221;center&#8221; header_text_align_phone=&#8221;center&#8221; [&hellip;]<\/p>\n","protected":false},"author":2,"featured_media":0,"parent":0,"menu_order":0,"comment_status":"closed","ping_status":"closed","template":"","meta":{"_et_pb_use_builder":"","_et_pb_old_content":"","_et_gb_content_width":""},"aioseo_notices":[],"_links":{"self":[{"href":"https:\/\/thehiddendrug.llorenteycuenca.com\/en\/wp-json\/wp\/v2\/pages\/708"}],"collection":[{"href":"https:\/\/thehiddendrug.llorenteycuenca.com\/en\/wp-json\/wp\/v2\/pages"}],"about":[{"href":"https:\/\/thehiddendrug.llorenteycuenca.com\/en\/wp-json\/wp\/v2\/types\/page"}],"author":[{"embeddable":true,"href":"https:\/\/thehiddendrug.llorenteycuenca.com\/en\/wp-json\/wp\/v2\/users\/2"}],"replies":[{"embeddable":true,"href":"https:\/\/thehiddendrug.llorenteycuenca.com\/en\/wp-json\/wp\/v2\/comments?post=708"}],"version-history":[{"count":0,"href":"https:\/\/thehiddendrug.llorenteycuenca.com\/en\/wp-json\/wp\/v2\/pages\/708\/revisions"}],"wp:attachment":[{"href":"https:\/\/thehiddendrug.llorenteycuenca.com\/en\/wp-json\/wp\/v2\/media?parent=708"}],"curies":[{"name":"wp","href":"https:\/\/api.w.org\/{rel}","templated":true}]}}